{"id":4206,"date":"2026-01-02T14:35:41","date_gmt":"2026-01-02T21:35:41","guid":{"rendered":"https:\/\/medspa-institute.com\/?page_id=4206"},"modified":"2026-01-02T15:14:16","modified_gmt":"2026-01-02T22:14:16","slug":"rejuvenecimiento-cutaneo-no-medico","status":"publish","type":"page","link":"https:\/\/medspa-institute.com\/es\/non-medical-skin-rejuvenation\/","title":{"rendered":"Rejuvenecimiento cut\u00e1neo no m\u00e9dico"},"content":{"rendered":"<div class=\"wpb-content-wrapper\"><div class=\"vc_row wpb_row blurb-row vc_custom_1767391228699 vc_row-has-fill\"><div class=\"container\"><div class=\"wpb_column vc_column_container vc_col-sm-1\"><div class=\"vc_column-inner\"><div class=\"wpb_wrapper\"><\/div><\/div><\/div><div class=\"wpb_column vc_column_container vc_col-sm-10\"><div class=\"vc_column-inner vc_custom_1726603267193\"><div class=\"wpb_wrapper\">\n\t<div class=\"wpb_text_column wpb_content_element  vc_custom_1767389537421\" >\n\t\t<div class=\"wpb_wrapper\">\n\t\t\t<h3 style=\"text-align: center;\">Acerca de los tratamientos cut\u00e1neos no ablativos \/ Formaci\u00f3n en radiofrecuencia<\/h3>\n<hr class=\"line\" \/>\n<p style=\"text-align: center;\">Los tratamientos no ablativos -incluidas las tecnolog\u00edas IPL, microneedling, RF y sublativa- est\u00e1n dise\u00f1ados para rejuvenecer la piel sin eliminar tejido. En su lugar, utilizan energ\u00eda lum\u00ednica y t\u00e9rmica para estimular la producci\u00f3n de col\u00e1geno y favorecer un aspecto m\u00e1s joven. Estas modalidades pueden mejorar la pigmentaci\u00f3n, la textura, el tono y la firmeza de la piel, y son seguras para todos los tipos de piel.<\/p>\n<p style=\"text-align: center;\">En esta formaci\u00f3n, aprender\u00e1 a realizar tratamientos no ablativos de forma segura y eficaz utilizando la \u00faltima tecnolog\u00eda, con demostraciones pr\u00e1cticas y pr\u00e1cticas con pacientes.<\/p>\n\n\t\t<\/div>\n\t<\/div>\n<\/div><\/div><\/div><div class=\"wpb_column vc_column_container vc_col-sm-1\"><div class=\"vc_column-inner\"><div class=\"wpb_wrapper\"><\/div><\/div><\/div><\/div><\/div><div class=\"vc_row wpb_row fifty-fifty image-right light1\"><div class=\"container\"><div class=\"wpb_column vc_column_container vc_col-sm-6\"><div class=\"vc_column-inner\"><div class=\"wpb_wrapper\">\n\t<div class=\"wpb_text_column wpb_content_element  mb0\" >\n\t\t<div class=\"wpb_wrapper\">\n\t\t\t<h3>La formaci\u00f3n incluye:<\/h3>\n<ul style=\"margin-bottom: 18px;\">\n<li>Selecci\u00f3n y consulta de pacientes<\/li>\n<li>Protocolos previos y posteriores al tratamiento<\/li>\n<li>Protocolos de tratamiento para:\n<ul>\n<li>Rejuvenecimiento cut\u00e1neo<\/li>\n<li>Pigmentaci\u00f3n<\/li>\n<li>Afecciones vasculares (cuando proceda con IPL)<\/li>\n<\/ul>\n<\/li>\n<li>Tratamientos para pieles oscuras<\/li>\n<li>Gesti\u00f3n de posibles complicaciones<\/li>\n<li>Realizaci\u00f3n de tratamientos a 3-8 pacientes (dependiendo de la modalidad)<\/li>\n<\/ul>\n\n\t\t<\/div>\n\t<\/div>\n<\/div><\/div><\/div><div class=\"wpb_column vc_column_container vc_col-sm-6 vc_col-has-fill\"><div class=\"vc_column-inner vc_custom_1767390714022\"><div class=\"wpb_wrapper\"><\/div><\/div><\/div><\/div><\/div><div class=\"vc_row wpb_row fifty-fifty image-left accent1 flip-mobile\"><div class=\"container\"><div class=\"wpb_column vc_column_container vc_col-sm-6 vc_col-has-fill\"><div class=\"vc_column-inner vc_custom_1767390765118\"><div class=\"wpb_wrapper\"><\/div><\/div><\/div><div class=\"wpb_column vc_column_container vc_col-sm-6\"><div class=\"vc_column-inner\"><div class=\"wpb_wrapper\">\n\t<div class=\"wpb_text_column wpb_content_element  mb0\" >\n\t\t<div class=\"wpb_wrapper\">\n\t\t\t<h3 style=\"text-align: left;\">Dispositivos cubiertos:<\/h3>\n<ul style=\"margin-bottom: 18px;\">\n<li>Sublativo<\/li>\n<li>IPL<\/li>\n<li>Microneedling RF<\/li>\n<li>Sublime<\/li>\n<li>Microneedling<\/li>\n<\/ul>\n\n\t\t<\/div>\n\t<\/div>\n<\/div><\/div><\/div><\/div><\/div><div class=\"vc_row wpb_row fifty-fifty image-right light1\"><div class=\"container\"><div class=\"wpb_column vc_column_container vc_col-sm-6\"><div class=\"vc_column-inner\"><div class=\"wpb_wrapper\">\n\t<div class=\"wpb_text_column wpb_content_element  mb0\" >\n\t\t<div class=\"wpb_wrapper\">\n\t\t\t<h3>Opciones de formaci\u00f3n:<\/h3>\n<ul style=\"margin-bottom: 18px;\">\n<li>Formaci\u00f3n individual:\n<ul>\n<li>Recomendado para 1-2 dispositivos<\/li>\n<li>Formaci\u00f3n de 1 d\u00eda<\/li>\n<\/ul>\n<\/li>\n<li>Formaci\u00f3n en grupo:\n<ul>\n<li>Cubre hasta 4 modalidades<\/li>\n<li>Formaci\u00f3n de 2 d\u00edas<\/li>\n<\/ul>\n<\/li>\n<li>Precio: <strong>$495<\/strong><\/li>\n<\/ul>\n<p>Se hace hincapi\u00e9 en la experiencia pr\u00e1ctica, para garantizar que adquiera los conocimientos y la confianza necesarios para integrar con seguridad estos tratamientos en su consulta.<\/p>\n\n\t\t<\/div>\n\t<\/div>\n<\/div><\/div><\/div><div class=\"wpb_column vc_column_container vc_col-sm-6 vc_col-has-fill\"><div class=\"vc_column-inner vc_custom_1767390914177\"><div class=\"wpb_wrapper\"><\/div><\/div><\/div><\/div><\/div><div class=\"vc_row wpb_row cta-row dark1\"><div class=\"container\"><div class=\"wpb_column vc_column_container vc_col-sm-12\"><div class=\"vc_column-inner\"><div class=\"wpb_wrapper\">\n\t<div class=\"wpb_text_column wpb_content_element  mb0\" >\n\t\t<div class=\"wpb_wrapper\">\n\t\t\t<h2>Descubre un programa para tu pasi\u00f3n.<\/h2>\n<p><a class=\"btn-bt default\" href=\"\/es\/programas\/\">PROGRAMAS<\/a><\/p>\n\n\t\t<\/div>\n\t<\/div>\n<\/div><\/div><\/div><\/div><\/div><div class=\"vc_row wpb_row promo-row fifty-fifty\"><div class=\"container\"><div class=\"wpb_column vc_column_container vc_col-sm-6 vc_col-has-fill\"><div class=\"vc_column-inner vc_custom_1726597712682\"><div class=\"wpb_wrapper\">\n\t<div class=\"wpb_text_column wpb_content_element  mb0\" >\n\t\t<div class=\"wpb_wrapper\">\n\t\t\t<h2 style=\"text-align: center;\">Empieza a aprender<\/h2>\n<p style=\"text-align: center;\"><a class=\"btn-bt default\" href=\"\/es\/programas\/\">ADMISIONES<\/a><\/p>\n\n\t\t<\/div>\n\t<\/div>\n<\/div><\/div><\/div><div class=\"wpb_column vc_column_container vc_col-sm-6 vc_col-has-fill\"><div class=\"vc_column-inner vc_custom_1726597737163\"><div class=\"wpb_wrapper\">\n\t<div class=\"wpb_text_column wpb_content_element  mb0\" >\n\t\t<div class=\"wpb_wrapper\">\n\t\t\t<h2 style=\"text-align: center;\">Buscar recursos<\/h2>\n<p style=\"text-align: center;\"><a class=\"btn-bt default\" href=\"\/es\/recursos\/\">CENTRO DE ESTUDIANTES<\/a><\/p>\n\n\t\t<\/div>\n\t<\/div>\n<\/div><\/div><\/div><\/div><\/div>\n<\/div>","protected":false},"excerpt":{"rendered":"About Non-Ablative Skin Treatments \/ Radiofrequency Training Non-ablative treatments\u2014including IPL, microneedling, RF, and sublative technologies\u2014are designed to rejuvenate the skin without removing tissue. Instead, they use light and heat energy to stimulate collagen production and promote a more youthful appearance. These modalities can improve pigmentation, texture, skin tone, and firmness, while being safe for all&hellip; <a class=\"more-link\" href=\"https:\/\/medspa-institute.com\/es\/non-medical-skin-rejuvenation\/\">Seguir leyendo <span class=\"screen-reader-text\">Rejuvenecimiento cut\u00e1neo no m\u00e9dico<\/span><\/a>","protected":false},"author":1,"featured_media":0,"parent":0,"menu_order":0,"comment_status":"closed","ping_status":"closed","template":"","meta":{"_acf_changed":false,"footnotes":""},"class_list":["post-4206","page","type-page","status-publish","entry"],"acf":[],"aioseo_notices":[],"_links":{"self":[{"href":"https:\/\/medspa-institute.com\/es\/wp-json\/wp\/v2\/pages\/4206","targetHints":{"allow":["GET"]}}],"collection":[{"href":"https:\/\/medspa-institute.com\/es\/wp-json\/wp\/v2\/pages"}],"about":[{"href":"https:\/\/medspa-institute.com\/es\/wp-json\/wp\/v2\/types\/page"}],"author":[{"embeddable":true,"href":"https:\/\/medspa-institute.com\/es\/wp-json\/wp\/v2\/users\/1"}],"replies":[{"embeddable":true,"href":"https:\/\/medspa-institute.com\/es\/wp-json\/wp\/v2\/comments?post=4206"}],"version-history":[{"count":0,"href":"https:\/\/medspa-institute.com\/es\/wp-json\/wp\/v2\/pages\/4206\/revisions"}],"wp:attachment":[{"href":"https:\/\/medspa-institute.com\/es\/wp-json\/wp\/v2\/media?parent=4206"}],"curies":[{"name":"wp","href":"https:\/\/api.w.org\/{rel}","templated":true}]}}