{"id":4129,"date":"2025-11-17T09:38:00","date_gmt":"2025-11-17T16:38:00","guid":{"rendered":"https:\/\/medspa-institute.com\/?page_id=4129"},"modified":"2025-11-18T12:32:01","modified_gmt":"2025-11-18T19:32:01","slug":"programa-de-formacion-prp","status":"publish","type":"page","link":"https:\/\/medspa-institute.com\/es\/prp-training-program\/","title":{"rendered":"Programa de formaci\u00f3n PRP"},"content":{"rendered":"<div class=\"wpb-content-wrapper\"><div class=\"vc_row wpb_row fifty-fifty image-left accent1 flip-mobile\"><div class=\"container\"><div class=\"wpb_column vc_column_container vc_col-sm-6 vc_col-has-fill\"><div class=\"vc_column-inner vc_custom_1763397437597\"><div class=\"wpb_wrapper\"><\/div><\/div><\/div><div class=\"wpb_column vc_column_container vc_col-sm-6\"><div class=\"vc_column-inner\"><div class=\"wpb_wrapper\">\n\t<div class=\"wpb_text_column wpb_content_element  mb0\" >\n\t\t<div class=\"wpb_wrapper\">\n\t\t\t<h3 style=\"text-align: left;\">Programa de formaci\u00f3n PRP<\/h3>\n<p style=\"text-align: left;\">El plasma rico en plaquetas (PRP) es un tratamiento regenerativo seguro y eficaz ampliamente utilizado en el bienestar sexual, la restauraci\u00f3n capilar y la est\u00e9tica. El PRP tambi\u00e9n puede combinarse con otras modalidades para mejorar los resultados del tratamiento. Nuestra completa formaci\u00f3n en PRP ofrece tanto aprendizaje did\u00e1ctico como experiencia pr\u00e1ctica para garantizar que se sienta seguro al aplicar PRP en su consulta.<\/p>\n\n\t\t<\/div>\n\t<\/div>\n<\/div><\/div><\/div><\/div><\/div><div class=\"vc_row wpb_row fifty-fifty image-right accent1\"><div class=\"container\"><div class=\"wpb_column vc_column_container vc_col-sm-6\"><div class=\"vc_column-inner\"><div class=\"wpb_wrapper\">\n\t<div class=\"wpb_text_column wpb_content_element  bulletp\" >\n\t\t<div class=\"wpb_wrapper\">\n\t\t\t<h3>La formaci\u00f3n incluye<\/h3>\n<p><strong>Precio para PRP - $495<\/strong><\/p>\n<ul>\n<li style=\"list-style-type: none;\">\n<ul>\n<li><strong>Introducci\u00f3n al PRP<\/strong>\n<ul>\n<li>Qu\u00e9 es el PRP y c\u00f3mo se prepara<\/li>\n<li>Selecci\u00f3n de pacientes y candidatura<\/li>\n<li>Preparaci\u00f3n de PRP paso a paso en un modelo<\/li>\n<li>Amplio material de formaci\u00f3n y formularios de aplicaci\u00f3n pr\u00e1ctica<\/li>\n<\/ul>\n<\/li>\n<li><strong>Bienestar sexual<\/strong>\n<ul>\n<li>T\u00e9cnicas de inyecci\u00f3n para la <strong>P-Shot<\/strong> y <strong>O-Shot<\/strong><\/li>\n<li>Instrucciones previas y posteriores al tratamiento<\/li>\n<li>Protocolos para optimizar los resultados del tratamiento<\/li>\n<\/ul>\n<\/li>\n<li><strong>Restauraci\u00f3n capilar<\/strong>\n<ul>\n<li>T\u00e9cnicas adecuadas para aplicar PRP en el cuero cabelludo<\/li>\n<li>Uso de microneedling y aplicaci\u00f3n t\u00f3pica<\/li>\n<li>T\u00e9cnicas de inyecci\u00f3n, incluida la anestesia de bloqueo en anillo<\/li>\n<li>Instrucciones previas y posteriores al tratamiento<\/li>\n<li>Revisi\u00f3n de protocolos para maximizar los resultados<\/li>\n<\/ul>\n<\/li>\n<li><strong>Est\u00e9tica<\/strong>\n<ul>\n<li>T\u00e9cnicas de inyecci\u00f3n para <strong>cara, cuello y pecho<\/strong><\/li>\n<li>Pr\u00e1cticas con pacientes reales<\/li>\n<li>Instrucciones previas y posteriores al tratamiento<\/li>\n<li>Protocolos para obtener resultados \u00f3ptimos<\/li>\n<\/ul>\n<\/li>\n<\/ul>\n<\/li>\n<\/ul>\n<h3><\/h3>\n<h3>Opciones de formaci\u00f3n:<\/h3>\n<ul>\n<li><strong>Uno a uno<\/strong> Formaci\u00f3n disponible para un aprendizaje personalizado<\/li>\n<li>Experiencia pr\u00e1ctica en todos los m\u00f3dulos<\/li>\n<\/ul>\n\n\t\t<\/div>\n\t<\/div>\n<\/div><\/div><\/div><div class=\"wpb_column vc_column_container vc_col-sm-6 vc_col-has-fill\"><div class=\"vc_column-inner vc_custom_1763397473283\"><div class=\"wpb_wrapper\"><\/div><\/div><\/div><\/div><\/div><div class=\"vc_row wpb_row cta-row dark1\"><div class=\"container\"><div class=\"wpb_column vc_column_container vc_col-sm-12\"><div class=\"vc_column-inner\"><div class=\"wpb_wrapper\">\n\t<div class=\"wpb_text_column wpb_content_element  mb0\" >\n\t\t<div class=\"wpb_wrapper\">\n\t\t\t<h2>Descubre un programa para tu pasi\u00f3n.<\/h2>\n<p><a class=\"btn-bt default\" href=\"\/es\/programas\/\">PROGRAMAS<\/a><\/p>\n\n\t\t<\/div>\n\t<\/div>\n<\/div><\/div><\/div><\/div><\/div><div class=\"vc_row wpb_row promo-row fifty-fifty\"><div class=\"container\"><div class=\"wpb_column vc_column_container vc_col-sm-6 vc_col-has-fill\"><div class=\"vc_column-inner vc_custom_1726597712682\"><div class=\"wpb_wrapper\">\n\t<div class=\"wpb_text_column wpb_content_element  mb0\" >\n\t\t<div class=\"wpb_wrapper\">\n\t\t\t<h2 style=\"text-align: center;\">Empieza a aprender<\/h2>\n<p style=\"text-align: center;\"><a class=\"btn-bt default\" href=\"\/es\/programas\/\">ADMISIONES<\/a><\/p>\n\n\t\t<\/div>\n\t<\/div>\n<\/div><\/div><\/div><div class=\"wpb_column vc_column_container vc_col-sm-6 vc_col-has-fill\"><div class=\"vc_column-inner vc_custom_1726597737163\"><div class=\"wpb_wrapper\">\n\t<div class=\"wpb_text_column wpb_content_element  mb0\" >\n\t\t<div class=\"wpb_wrapper\">\n\t\t\t<h2 style=\"text-align: center;\">Buscar recursos<\/h2>\n<p style=\"text-align: center;\"><a class=\"btn-bt default\" href=\"\/es\/recursos\/\">CENTRO DE ESTUDIANTES<\/a><\/p>\n\n\t\t<\/div>\n\t<\/div>\n<\/div><\/div><\/div><\/div><\/div>\n<\/div>","protected":false},"excerpt":{"rendered":"PRP Training Program Platelet-Rich Plasma (PRP) is a safe and effective regenerative treatment widely used in sexual wellness, hair restoration, and aesthetics. PRP can also be combined with other modalities to enhance treatment outcomes. Our comprehensive PRP training provides both didactic learning and hands-on experience to ensure you feel confident implementing PRP in your practice.&hellip; <a class=\"more-link\" href=\"https:\/\/medspa-institute.com\/es\/prp-training-program\/\">Seguir leyendo <span class=\"screen-reader-text\">Programa de formaci\u00f3n PRP<\/span><\/a>","protected":false},"author":1,"featured_media":0,"parent":0,"menu_order":0,"comment_status":"closed","ping_status":"closed","template":"","meta":{"_acf_changed":false,"footnotes":""},"class_list":["post-4129","page","type-page","status-publish","entry"],"acf":[],"aioseo_notices":[],"_links":{"self":[{"href":"https:\/\/medspa-institute.com\/es\/wp-json\/wp\/v2\/pages\/4129","targetHints":{"allow":["GET"]}}],"collection":[{"href":"https:\/\/medspa-institute.com\/es\/wp-json\/wp\/v2\/pages"}],"about":[{"href":"https:\/\/medspa-institute.com\/es\/wp-json\/wp\/v2\/types\/page"}],"author":[{"embeddable":true,"href":"https:\/\/medspa-institute.com\/es\/wp-json\/wp\/v2\/users\/1"}],"replies":[{"embeddable":true,"href":"https:\/\/medspa-institute.com\/es\/wp-json\/wp\/v2\/comments?post=4129"}],"version-history":[{"count":0,"href":"https:\/\/medspa-institute.com\/es\/wp-json\/wp\/v2\/pages\/4129\/revisions"}],"wp:attachment":[{"href":"https:\/\/medspa-institute.com\/es\/wp-json\/wp\/v2\/media?parent=4129"}],"curies":[{"name":"wp","href":"https:\/\/api.w.org\/{rel}","templated":true}]}}