{"id":4085,"date":"2025-11-11T16:49:25","date_gmt":"2025-11-11T23:49:25","guid":{"rendered":"https:\/\/medspa-institute.com\/?page_id=4085"},"modified":"2025-11-12T09:24:38","modified_gmt":"2025-11-12T16:24:38","slug":"mapa-del-sitio-html","status":"publish","type":"page","link":"https:\/\/medspa-institute.com\/es\/sitemap-html\/","title":{"rendered":"Mapa del sitio HTML"},"content":{"rendered":"<div class=\"wpb-content-wrapper\"><div class=\"vc_row wpb_row vc_custom_1762905299939 vc_row-has-fill\"><div class=\"container\"><div class=\"wpb_column vc_column_container vc_col-sm-12\"><div class=\"vc_column-inner\"><div class=\"wpb_wrapper\">\n\t<div class=\"wpb_text_column wpb_content_element\" >\n\t\t<div class=\"wpb_wrapper\">\n\t\t\t<h1>Mapa del sitio HTML<\/h1>\n\n\t\t<\/div>\n\t<\/div>\n<\/div><\/div><\/div><\/div><\/div><div class=\"vc_row wpb_row\"><div class=\"container\"><div class=\"wpb_column vc_column_container vc_col-sm-12\"><div class=\"vc_column-inner\"><div class=\"wpb_wrapper\">\n\t<div class=\"wpb_raw_code wpb_content_element wpb_raw_html\" >\n\t\t<div class=\"wpb_wrapper\">\n\t\t\t<div class=\"aioseo-html-sitemap\"><style>.aioseo-html-sitemap.labels-hidden ul { margin: 0; }<\/style><div class=\"aioseo-html-post-sitemap\"><h4>Entradas<\/h4><ul><li><a href=\"https:\/\/medspa-institute.com\/es\/blog\/vampire-facials-microneedling-with-prp-benefits-more\/\" >Faciales vampiro y microneedling con PRP: beneficios y m\u00e1s<\/a><\/li><li><a href=\"https:\/\/medspa-institute.com\/es\/blog\/top-med-spa-services-in-2025\/\" >Lo \u00faltimo en servicios de spa m\u00e9dico para 2025<\/a><\/li><li><a href=\"https:\/\/medspa-institute.com\/es\/blog\/launch-your-esthetician-career-with-multilingual-course-support-in-russian-ukrainian-hebrew\/\" >Cursos de esteticista: Apoyo en ruso, ucraniano y hebreo<\/a><\/li><li><a href=\"https:\/\/medspa-institute.com\/es\/blog\/becoming-a-licensed-esthetician\/\" >El camino hacia la licencia de esteticista: Qu\u00e9 esperar<\/a><\/li><li><a href=\"https:\/\/medspa-institute.com\/es\/blog\/aesthetic-injector-training\/\" >Formaci\u00f3n de inyectores est\u00e9ticos: Lo que hay que saber<\/a><\/li><li><a href=\"https:\/\/medspa-institute.com\/es\/blog\/continuing-education-in-aesthetics\/\" >La importancia de la formaci\u00f3n continua en el campo de la est\u00e9tica<\/a><\/li><li><a href=\"https:\/\/medspa-institute.com\/es\/blog\/from-passion-to-paycheck-starting-your-career-in-esthetics\/\" >De la pasi\u00f3n al sueldo: Empezar una carrera en est\u00e9tica<\/a><\/li><li><a href=\"https:\/\/medspa-institute.com\/es\/blog\/how-to-make-3k-month-from-home-as-an-esthetician\/\" >C\u00f3mo hacer $3k \/ mes desde casa como esteticista<\/a><\/li><li><a href=\"https:\/\/medspa-institute.com\/es\/blog\/esthetician-skills-for-success-2025\/\" >Las principales competencias de esteticista que todo profesional de \u00e9xito necesita en 2025<\/a><\/li><li><a href=\"https:\/\/medspa-institute.com\/es\/blog\/from-burnt-out-to-booked-out-why-nurses-are-flocking-to-aesthetics\/\" >De quemadas a agotadas: Por qu\u00e9 las enfermeras se decantan por la est\u00e9tica<\/a><\/li><li><a href=\"https:\/\/medspa-institute.com\/es\/blog\/how-to-get-a-job-as-an-esthetician\/\" >C\u00f3mo conseguir trabajo de esteticista: Consejos para conseguir tu primer empleo<\/a><\/li><li><a href=\"https:\/\/medspa-institute.com\/es\/blog\/rn-to-injector-3-paths-you-can-take-even-without-owning-a-medspa\/\" >De enfermero a inyector: 3 caminos que puede tomar (incluso sin ser propietario de un Medspa)<\/a><\/li><li><a href=\"https:\/\/medspa-institute.com\/es\/blog\/what-is-a-chemical-peel\/\" >\u00bfQu\u00e9 es la exfoliaci\u00f3n qu\u00edmica? La ciencia del tratamiento<\/a><\/li><li><a href=\"https:\/\/medspa-institute.com\/es\/blog\/medical-esthetician-requirements\/\" >Requisitos para esteticistas m\u00e9dicos: Lo que todo profesional debe saber<\/a><\/li><li><a href=\"https:\/\/medspa-institute.com\/es\/blog\/is-esthetics-school-worth-it-heres-what-you-need-to-know\/\" >\u00bfVale la pena estudiar Est\u00e9tica? Esto es lo que debe saber<\/a><\/li><li><a href=\"https:\/\/medspa-institute.com\/es\/blog\/non-surgical-cosmetic-treatments\/\" >El auge de los tratamientos cosm\u00e9ticos no quir\u00fargicos y su demanda<\/a><\/li><li><a href=\"https:\/\/medspa-institute.com\/es\/blog\/how-to-build-a-career-as-a-medical-esthetician\/\" >C\u00f3mo hacer carrera como m\u00e9dico esteticista<\/a><\/li><li><a href=\"https:\/\/medspa-institute.com\/es\/blog\/top-5-esthetics-services-clients-cant-get-enough-of-in-2026\/\" >Los 5 servicios de est\u00e9tica de los que los clientes no se cansar\u00e1n en 2026<\/a><\/li><li><a href=\"https:\/\/medspa-institute.com\/es\/blog\/beauty-school-vs-esthetics-school-whats-the-difference\/\" >Escuela de Belleza vs. Escuela de Est\u00e9tica: \u00bfCu\u00e1l es la diferencia?<\/a><\/li><\/ul><\/div><br \/><div class=\"aioseo-html-page-sitemap\"><h4>P\u00e1ginas<\/h4><ul><li><a href=\"https:\/\/medspa-institute.com\/es\/\" >Inicio<\/a><\/li><li><a href=\"https:\/\/medspa-institute.com\/es\/contact\/\" >Contacte con nosotros<\/a><\/li><li><a href=\"https:\/\/medspa-institute.com\/es\/blog\/\" >Blog<\/a><\/li><li><a href=\"https:\/\/medspa-institute.com\/es\/thank-you\/\" >Gracias<\/a><\/li><li><a href=\"https:\/\/medspa-institute.com\/es\/accessibility\/\" >Accesibilidad<\/a><\/li><li><a href=\"https:\/\/medspa-institute.com\/es\/about\/\" >Acerca de<\/a><\/li><li><a href=\"https:\/\/medspa-institute.com\/es\/resources\/\" >Recursos<\/a><\/li><li><a href=\"https:\/\/medspa-institute.com\/es\/programs\/\" >Programas<\/a><ul><li><a href=\"https:\/\/medspa-institute.com\/es\/programs\/workshops\/\" >Talleres<\/a><\/li><li><a href=\"https:\/\/medspa-institute.com\/es\/programs\/medical-professional-ongoing-education\/\" >Formaci\u00f3n continua de profesionales m\u00e9dicos<\/a><ul><li><a href=\"https:\/\/medspa-institute.com\/es\/programs\/medical-professional-ongoing-education\/injectables\/\" >Inyectables<\/a><ul><li><a href=\"https:\/\/medspa-institute.com\/es\/programs\/medical-professional-ongoing-education\/injectables\/botox\/\" >Botox<\/a><\/li><li><a href=\"https:\/\/medspa-institute.com\/es\/programs\/medical-professional-ongoing-education\/injectables\/fillers\/\" >Rellenos<\/a><\/li><li><a href=\"https:\/\/medspa-institute.com\/es\/programs\/medical-professional-ongoing-education\/injectables\/pdo-threads\/\" >Hilos PDO<\/a><\/li><\/ul><\/li><\/ul><\/li><li><a href=\"https:\/\/medspa-institute.com\/es\/programs\/skin-theory-workshop\/\" >Taller de teor\u00eda de la piel<\/a><\/li><li><a href=\"https:\/\/medspa-institute.com\/es\/programs\/microneedling-workshop\/\" >Taller de microneedling<\/a><\/li><li><a href=\"https:\/\/medspa-institute.com\/es\/programs\/phlebotomy-workshop\/\" >Taller de flebotom\u00eda<\/a><\/li><li><a href=\"https:\/\/medspa-institute.com\/es\/programs\/facial-techniques-workshop\/\" >Taller de t\u00e9cnicas faciales<\/a><\/li><li><a href=\"https:\/\/medspa-institute.com\/es\/programs\/hair-removal-workshop\/\" >Taller de t\u00e9cnicas faciales<\/a><\/li><li><a href=\"https:\/\/medspa-institute.com\/es\/programs\/makeup-workshop\/\" >Taller de maquillaje<\/a><\/li><\/ul><\/li><li><a href=\"https:\/\/medspa-institute.com\/es\/students\/\" >Estudiantes<\/a><\/li><li><a href=\"https:\/\/medspa-institute.com\/es\/terms-of-service\/\" >Condiciones de uso<\/a><\/li><li><a href=\"https:\/\/medspa-institute.com\/es\/privacy-policy\/\" >Pol\u00edtica de privacidad<\/a><\/li><li><a href=\"https:\/\/medspa-institute.com\/es\/become-a-facial-specialist\/\" >Convi\u00e9rtase en especialista facial<\/a><\/li><li><a href=\"https:\/\/medspa-institute.com\/es\/aesthetics-training\/\" >Clases de certificaci\u00f3n en est\u00e9tica<\/a><\/li><li><a href=\"https:\/\/medspa-institute.com\/es\/sitemap-html\/\" >Mapa del sitio HTML<\/a><\/li><li><a href=\"https:\/\/medspa-institute.com\/es\/dermal-filler-training-program\/\" >Programa de formaci\u00f3n en rellenos d\u00e9rmicos<\/a><\/li><li><a href=\"https:\/\/medspa-institute.com\/es\/advanced-bio-stimulator-training\/\" >Formaci\u00f3n avanzada en bioestimuladores - Formaci\u00f3n en rellenos postd\u00e9rmicos<\/a><\/li><li><a href=\"https:\/\/medspa-institute.com\/es\/laser-training-program\/\" >Programa de formaci\u00f3n l\u00e1ser<\/a><\/li><li><a href=\"https:\/\/medspa-institute.com\/es\/prp-training-program\/\" >Programa de formaci\u00f3n PRP<\/a><\/li><li><a href=\"https:\/\/medspa-institute.com\/es\/body-contouring-training\/\" >Formaci\u00f3n en contorno corporal<\/a><\/li><li><a href=\"https:\/\/medspa-institute.com\/es\/non-medical-skin-rejuvenation\/\" >Rejuvenecimiento cut\u00e1neo no m\u00e9dico<\/a><\/li><\/ul><\/div><br \/><\/div>\n\t\t<\/div>\n\t<\/div>\n<\/div><\/div><\/div><\/div><\/div>\n<\/div>","protected":false},"excerpt":{"rendered":"HTML Sitemap EntradasVampire Facials &#038; Microneedling with PRP: Benefits &#038; MoreTrending Med Spa Services to Try in 2025Esthetician Courses: Support in Russian, Ukrainian &#038; HebrewThe Journey to Becoming a Licensed Esthetician: What to ExpectAesthetic Injector Training: What to KnowThe Importance of Continuing Education in the Aesthetics FieldFrom Passion to Paycheck: Starting Your Career in EstheticsHow&hellip; <a class=\"more-link\" href=\"https:\/\/medspa-institute.com\/es\/sitemap-html\/\">Seguir leyendo <span class=\"screen-reader-text\">Mapa del sitio HTML<\/span><\/a>","protected":false},"author":1,"featured_media":0,"parent":0,"menu_order":0,"comment_status":"closed","ping_status":"closed","template":"","meta":{"_acf_changed":false,"footnotes":""},"class_list":["post-4085","page","type-page","status-publish","entry"],"acf":[],"aioseo_notices":[],"_links":{"self":[{"href":"https:\/\/medspa-institute.com\/es\/wp-json\/wp\/v2\/pages\/4085","targetHints":{"allow":["GET"]}}],"collection":[{"href":"https:\/\/medspa-institute.com\/es\/wp-json\/wp\/v2\/pages"}],"about":[{"href":"https:\/\/medspa-institute.com\/es\/wp-json\/wp\/v2\/types\/page"}],"author":[{"embeddable":true,"href":"https:\/\/medspa-institute.com\/es\/wp-json\/wp\/v2\/users\/1"}],"replies":[{"embeddable":true,"href":"https:\/\/medspa-institute.com\/es\/wp-json\/wp\/v2\/comments?post=4085"}],"version-history":[{"count":0,"href":"https:\/\/medspa-institute.com\/es\/wp-json\/wp\/v2\/pages\/4085\/revisions"}],"wp:attachment":[{"href":"https:\/\/medspa-institute.com\/es\/wp-json\/wp\/v2\/media?parent=4085"}],"curies":[{"name":"wp","href":"https:\/\/api.w.org\/{rel}","templated":true}]}}