{"id":4082,"date":"2025-11-12T09:25:49","date_gmt":"2025-11-12T16:25:49","guid":{"rendered":"https:\/\/medspa-institute.com\/?page_id=4082"},"modified":"2025-11-12T09:52:45","modified_gmt":"2025-11-12T16:52:45","slug":"programa-de-formacion-en-rellenos-dermicos","status":"publish","type":"page","link":"https:\/\/medspa-institute.com\/es\/dermal-filler-training-program\/","title":{"rendered":"Programa de formaci\u00f3n en rellenos d\u00e9rmicos"},"content":{"rendered":"<div class=\"wpb-content-wrapper\"><div class=\"vc_row wpb_row fifty-fifty image-left accent1 flip-mobile\"><div class=\"container\"><div class=\"wpb_column vc_column_container vc_col-sm-6 vc_col-has-fill\"><div class=\"vc_column-inner vc_custom_1762966172983\"><div class=\"wpb_wrapper\"><\/div><\/div><\/div><div class=\"wpb_column vc_column_container vc_col-sm-6\"><div class=\"vc_column-inner\"><div class=\"wpb_wrapper\">\n\t<div class=\"wpb_text_column wpb_content_element  mb0\" >\n\t\t<div class=\"wpb_wrapper\">\n\t\t\t<h3 style=\"text-align: left;\">Programa de Relleno D\u00e9rmico<\/h3>\n<p style=\"text-align: left;\">Los rellenos d\u00e9rmicos se encuentran entre los procedimientos m\u00e1s solicitados en est\u00e9tica. Dise\u00f1ado por el Dr. Arviv, este curso hace hincapi\u00e9 en una amplia formaci\u00f3n pr\u00e1ctica en t\u00e9cnicas de inyecci\u00f3n seguras al tiempo que profundiza en su comprensi\u00f3n de los diversos tipos de rellenos disponibles para una selecci\u00f3n \u00f3ptima.<\/p>\n\n\t\t<\/div>\n\t<\/div>\n<\/div><\/div><\/div><\/div><\/div><div class=\"vc_row wpb_row fifty-fifty image-right accent1\"><div class=\"container\"><div class=\"wpb_column vc_column_container vc_col-sm-6\"><div class=\"vc_column-inner\"><div class=\"wpb_wrapper\">\n\t<div class=\"wpb_text_column wpb_content_element  bulletp\" >\n\t\t<div class=\"wpb_wrapper\">\n\t\t\t<h3>Esquema del curso:<\/h3>\n<p><strong>Adquirir las habilidades y la experiencia necesarias para la correcci\u00f3n facial integral utilizando t\u00e9cnicas tanto de aguja como de c\u00e1nula. Experimente la aplicaci\u00f3n de rellenos de \u00e1cido hialur\u00f3nico, as\u00ed como de hidroxiapatita c\u00e1lcica, incluidas las t\u00e9cnicas de hiperdiluci\u00f3n para la cara, el cuello, el pecho y otras zonas del cuerpo.<br \/>\n<\/strong><\/p>\n<ol>\n<li><strong>T\u00e9cnicas de inyecci\u00f3n:<\/strong>\n<ul>\n<li>T\u00e9cnicas b\u00e1sicas y avanzadas de rellenos d\u00e9rmicos.<\/li>\n<\/ul>\n<\/li>\n<li><strong>Conocimiento del producto:<\/strong>\n<ul>\n<li>Visi\u00f3n general de los rellenos existentes en el mercado, su longevidad y las pr\u00e1cticas seguras de inyecci\u00f3n.<\/li>\n<li>Debate sobre los posibles efectos secundarios, las contraindicaciones y el tratamiento de las complicaciones.<\/li>\n<\/ul>\n<\/li>\n<li><strong>Evaluaci\u00f3n facial completa:<\/strong>\n<ul>\n<li>Evaluaci\u00f3n de la p\u00e9rdida de volumen en la cara.<\/li>\n<\/ul>\n<\/li>\n<li><strong>Zonas de inyecci\u00f3n:<\/strong>\n<ul>\n<li>Pr\u00e1ctica en la inyecci\u00f3n de diversas regiones faciales.<\/li>\n<li>Lagrimales, sienes, mejillas, surcos nasogenianos, nariz, l\u00edneas de marioneta, contorno de la mand\u00edbula, l\u00f3bulos de las orejas y labios.<\/li>\n<\/ul>\n<\/li>\n<li><strong>Aplicaciones corporales:<\/strong>\n<ul>\n<li>T\u00e9cnicas de inyecci\u00f3n en cuello, escote y manos.<\/li>\n<\/ul>\n<\/li>\n<li><strong>Formaci\u00f3n personalizada:<\/strong>\n<ul>\n<li>Se ofrecen sesiones de formaci\u00f3n individuales para una instrucci\u00f3n a medida.<\/li>\n<\/ul>\n<\/li>\n<\/ol>\n\n\t\t<\/div>\n\t<\/div>\n<\/div><\/div><\/div><div class=\"wpb_column vc_column_container vc_col-sm-6 vc_col-has-fill\"><div class=\"vc_column-inner vc_custom_1762966159780\"><div class=\"wpb_wrapper\"><\/div><\/div><\/div><\/div><\/div><div class=\"vc_row wpb_row cta-row dark1\"><div class=\"container\"><div class=\"wpb_column vc_column_container vc_col-sm-12\"><div class=\"vc_column-inner\"><div class=\"wpb_wrapper\">\n\t<div class=\"wpb_text_column wpb_content_element  mb0\" >\n\t\t<div class=\"wpb_wrapper\">\n\t\t\t<h2>Descubre un programa para tu pasi\u00f3n.<\/h2>\n<p><a class=\"btn-bt default\" href=\"\/es\/programas\/\">PROGRAMAS<\/a><\/p>\n\n\t\t<\/div>\n\t<\/div>\n<\/div><\/div><\/div><\/div><\/div><div class=\"vc_row wpb_row promo-row fifty-fifty\"><div class=\"container\"><div class=\"wpb_column vc_column_container vc_col-sm-6 vc_col-has-fill\"><div class=\"vc_column-inner vc_custom_1726597712682\"><div class=\"wpb_wrapper\">\n\t<div class=\"wpb_text_column wpb_content_element  mb0\" >\n\t\t<div class=\"wpb_wrapper\">\n\t\t\t<h2 style=\"text-align: center;\">Empieza a aprender<\/h2>\n<p style=\"text-align: center;\"><a class=\"btn-bt default\" href=\"\/es\/programas\/\">ADMISIONES<\/a><\/p>\n\n\t\t<\/div>\n\t<\/div>\n<\/div><\/div><\/div><div class=\"wpb_column vc_column_container vc_col-sm-6 vc_col-has-fill\"><div class=\"vc_column-inner vc_custom_1726597737163\"><div class=\"wpb_wrapper\">\n\t<div class=\"wpb_text_column wpb_content_element  mb0\" >\n\t\t<div class=\"wpb_wrapper\">\n\t\t\t<h2 style=\"text-align: center;\">Buscar recursos<\/h2>\n<p style=\"text-align: center;\"><a class=\"btn-bt default\" href=\"\/es\/recursos\/\">CENTRO DE ESTUDIANTES<\/a><\/p>\n\n\t\t<\/div>\n\t<\/div>\n<\/div><\/div><\/div><\/div><\/div>\n<\/div>","protected":false},"excerpt":{"rendered":"Dermal Filler Program Dermal fillers rank among the most sought-after procedures in aesthetics. Designed by Dr. Arviv, this course emphasizes extensive hands-on training in safe injection techniques while deepening your understanding of the various types of fillers available for optimal selection. Course Outline: Gain the skills and experience necessary for comprehensive facial correction using both&hellip; <a class=\"more-link\" href=\"https:\/\/medspa-institute.com\/es\/dermal-filler-training-program\/\">Seguir leyendo <span class=\"screen-reader-text\">Programa de formaci\u00f3n en rellenos d\u00e9rmicos<\/span><\/a>","protected":false},"author":1,"featured_media":0,"parent":0,"menu_order":0,"comment_status":"closed","ping_status":"closed","template":"","meta":{"_acf_changed":false,"footnotes":""},"class_list":["post-4082","page","type-page","status-publish","entry"],"acf":[],"aioseo_notices":[],"_links":{"self":[{"href":"https:\/\/medspa-institute.com\/es\/wp-json\/wp\/v2\/pages\/4082","targetHints":{"allow":["GET"]}}],"collection":[{"href":"https:\/\/medspa-institute.com\/es\/wp-json\/wp\/v2\/pages"}],"about":[{"href":"https:\/\/medspa-institute.com\/es\/wp-json\/wp\/v2\/types\/page"}],"author":[{"embeddable":true,"href":"https:\/\/medspa-institute.com\/es\/wp-json\/wp\/v2\/users\/1"}],"replies":[{"embeddable":true,"href":"https:\/\/medspa-institute.com\/es\/wp-json\/wp\/v2\/comments?post=4082"}],"version-history":[{"count":0,"href":"https:\/\/medspa-institute.com\/es\/wp-json\/wp\/v2\/pages\/4082\/revisions"}],"wp:attachment":[{"href":"https:\/\/medspa-institute.com\/es\/wp-json\/wp\/v2\/media?parent=4082"}],"curies":[{"name":"wp","href":"https:\/\/api.w.org\/{rel}","templated":true}]}}