{"id":3532,"date":"2025-04-23T11:12:36","date_gmt":"2025-04-23T18:12:36","guid":{"rendered":"https:\/\/medspa-institute.com\/?page_id=3532"},"modified":"2025-04-23T15:31:34","modified_gmt":"2025-04-23T22:31:34","slug":"formacion-en-estetica","status":"publish","type":"page","link":"https:\/\/medspa-institute.com\/es\/aesthetics-training\/","title":{"rendered":"Clases de certificaci\u00f3n en est\u00e9tica"},"content":{"rendered":"<div class=\"wpb-content-wrapper\"><div class=\"vc_row wpb_row fifty-fifty image-right light1\"><div class=\"container\"><div class=\"wpb_column vc_column_container vc_col-sm-6\"><div class=\"vc_column-inner\"><div class=\"wpb_wrapper\">\n\t<div class=\"wpb_text_column wpb_content_element  mb0\" >\n\t\t<div class=\"wpb_wrapper\">\n\t\t\t<h3 style=\"text-align: right;\">Acerca de las clases de certificaci\u00f3n en est\u00e9tica<\/h3>\n<p style=\"text-align: right;\">Si es usted m\u00e9dico, asistente m\u00e9dico o enfermero y desea adquirir nuevas habilidades para prosperar en el sector de los spas m\u00e9dicos, puede inscribirse en un curso de formaci\u00f3n personalizado con el Dr. Arviv.<\/p>\n<p style=\"text-align: right;\">El Dr. Arviv trabaja con proveedores m\u00e9dicos para aprender procedimientos especializados como depilaci\u00f3n l\u00e1ser, rejuvenecimiento de la piel, hilos tensores e inyectables. Si usted es serio acerca de trabajar en la industria de tratamientos faciales y corporales de Miami, esta formaci\u00f3n le dar\u00e1 la confianza que necesita para tener \u00e9xito.<\/p>\n\n\t\t<\/div>\n\t<\/div>\n<\/div><\/div><\/div><div class=\"wpb_column vc_column_container vc_col-sm-6 vc_col-has-fill\"><div class=\"vc_column-inner vc_custom_1745432333489\"><div class=\"wpb_wrapper\"><\/div><\/div><\/div><\/div><\/div><div class=\"vc_row wpb_row fifty-fifty image-left accent1 flip-mobile\"><div class=\"container\"><div class=\"wpb_column vc_column_container vc_col-sm-6 vc_col-has-fill\"><div class=\"vc_column-inner vc_custom_1734033061192\"><div class=\"wpb_wrapper\"><\/div><\/div><\/div><div class=\"wpb_column vc_column_container vc_col-sm-6\"><div class=\"vc_column-inner\"><div class=\"wpb_wrapper\">\n\t<div class=\"wpb_text_column wpb_content_element  mb0\" >\n\t\t<div class=\"wpb_wrapper\">\n\t\t\t<h3 style=\"text-align: left;\">Qu\u00e9 esperar<\/h3>\n<p style=\"text-align: left;\">Nuestro programa educativo es pr\u00e1ctico e individualizado para cada participante. Usted trabajar\u00e1 uno-a-uno con el Dr. Arviv mientras aprende las habilidades necesarias para proporcionar servicios a los pacientes. Cuando est\u00e9 listo, tendr\u00e1 la oportunidad de practicar estos procedimientos directamente con los pacientes.<\/p>\n\n\t\t<\/div>\n\t<\/div>\n<\/div><\/div><\/div><\/div><\/div><div class=\"vc_row wpb_row light1 blurb-row vc_custom_1745432942815\"><div class=\"container\"><div class=\"wpb_column vc_column_container vc_col-sm-1\"><div class=\"vc_column-inner\"><div class=\"wpb_wrapper\"><\/div><\/div><\/div><div class=\"wpb_column vc_column_container vc_col-sm-10\"><div class=\"vc_column-inner vc_custom_1726603267193\"><div class=\"wpb_wrapper\">\n\t<div class=\"wpb_text_column wpb_content_element  vc_custom_1745432539450\" >\n\t\t<div class=\"wpb_wrapper\">\n\t\t\t<h3 style=\"text-align: center;\">Estructura del curso<\/h3>\n<hr class=\"line\" \/>\n<p style=\"text-align: center;\">El curso est\u00e1 estructurado en cinco m\u00f3dulos. Estos m\u00f3dulos incluyen:<\/p>\n\n\t\t<\/div>\n\t<\/div>\n<\/div><\/div><\/div><div class=\"wpb_column vc_column_container vc_col-sm-1\"><div class=\"vc_column-inner\"><div class=\"wpb_wrapper\"><\/div><\/div><\/div><\/div><\/div><div class=\"vc_row wpb_row accordion light1 vc_custom_1745432973323\"><div class=\"container\"><div class=\"wpb_column vc_column_container vc_col-sm-1\"><div class=\"vc_column-inner\"><div class=\"wpb_wrapper\"><\/div><\/div><\/div><div class=\"wpb_column vc_column_container vc_col-sm-10\"><div class=\"vc_column-inner\"><div class=\"wpb_wrapper\"><div class=\"vc_tta-container\" data-vc-action=\"collapseAll\"><div class=\"vc_general vc_tta vc_tta-accordion vc_tta-color-grey vc_tta-style-classic vc_tta-shape-rounded vc_tta-o-shape-group vc_tta-controls-align-default vc_tta-o-all-clickable\"><div class=\"vc_tta-panels-container\"><div class=\"vc_tta-panels\"><div class=\"vc_tta-panel vc_active\" id=\"injectables\" data-vc-content=\".vc_tta-panel-body\"><div class=\"vc_tta-panel-heading\"><h4 class=\"vc_tta-panel-title vc_tta-controls-icon-position-left\"><a href=\"#injectables\" data-vc-accordion data-vc-container=\".vc_tta-container\"><span class=\"vc_tta-title-text\">1. Inyectables<\/span><i class=\"vc_tta-controls-icon vc_tta-controls-icon-plus\"><\/i><\/a><\/h4><\/div><div class=\"vc_tta-panel-body\">\n\t<div class=\"wpb_text_column wpb_content_element  mb0\" >\n\t\t<div class=\"wpb_wrapper\">\n\t\t\t<p>Aprender\u00e1 sobre neuromoduladores para la cara, el cuello, las migra\u00f1as y la hiperhidrosis. Tambi\u00e9n pasar\u00e1 tiempo trabajando con rellenos d\u00e9rmicos. Tambi\u00e9n se ofrecen opciones adicionales de estimuladores de col\u00e1geno, PRP est\u00e9tico y Kybella.<\/p>\n<ul>\n<li>Botox<\/li>\n<li>Rellenos<\/li>\n<li>Sculptra<\/li>\n<li>PRP<\/li>\n<li>Kybella<\/li>\n<\/ul>\n\n\t\t<\/div>\n\t<\/div>\n<\/div><\/div><div class=\"vc_tta-panel\" id=\"PDO\" data-vc-content=\".vc_tta-panel-body\"><div class=\"vc_tta-panel-heading\"><h4 class=\"vc_tta-panel-title vc_tta-controls-icon-position-left\"><a href=\"#PDO\" data-vc-accordion data-vc-container=\".vc_tta-container\"><span class=\"vc_tta-title-text\">2. Lifting de hilos PDO<\/span><i class=\"vc_tta-controls-icon vc_tta-controls-icon-plus\"><\/i><\/a><\/h4><\/div><div class=\"vc_tta-panel-body\">\n\t<div class=\"wpb_text_column wpb_content_element  mb0\" >\n\t\t<div class=\"wpb_wrapper\">\n\t\t\t<p>Aprenda los entresijos de este popular procedimiento. Nos centraremos en la cara y el cuello e iremos a los hilos PDO, as\u00ed como a los hilos Instalift.<\/p>\n\n\t\t<\/div>\n\t<\/div>\n<\/div><\/div><div class=\"vc_tta-panel\" id=\"PRP\" data-vc-content=\".vc_tta-panel-body\"><div class=\"vc_tta-panel-heading\"><h4 class=\"vc_tta-panel-title vc_tta-controls-icon-position-left\"><a href=\"#PRP\" data-vc-accordion data-vc-container=\".vc_tta-container\"><span class=\"vc_tta-title-text\">3. PRP<\/span><i class=\"vc_tta-controls-icon vc_tta-controls-icon-plus\"><\/i><\/a><\/h4><\/div><div class=\"vc_tta-panel-body\">\n\t<div class=\"wpb_text_column wpb_content_element  mb0\" >\n\t\t<div class=\"wpb_wrapper\">\n\t\t\t<p>En este m\u00f3dulo, aprender\u00e1 sobre la inyecci\u00f3n en O y la inyecci\u00f3n en P. Habr\u00e1 tiempo suficiente para practicar con pacientes.<\/p>\n\n\t\t<\/div>\n\t<\/div>\n<\/div><\/div><div class=\"vc_tta-panel\" id=\"Laser\" data-vc-content=\".vc_tta-panel-body\"><div class=\"vc_tta-panel-heading\"><h4 class=\"vc_tta-panel-title vc_tta-controls-icon-position-left\"><a href=\"#Laser\" data-vc-accordion data-vc-container=\".vc_tta-container\"><span class=\"vc_tta-title-text\">4. Formaci\u00f3n l\u00e1ser<\/span><i class=\"vc_tta-controls-icon vc_tta-controls-icon-plus\"><\/i><\/a><\/h4><\/div><div class=\"vc_tta-panel-body\">\n\t<div class=\"wpb_text_column wpb_content_element\" >\n\t\t<div class=\"wpb_wrapper\">\n\t\t\t<p>En este m\u00f3dulo, aprender\u00e1 acerca de los procedimientos l\u00e1ser, incluida la depilaci\u00f3n, venas, eliminaci\u00f3n de tatuajes, pigmentaci\u00f3n, IPL y CO2.<\/p>\n\n\t\t<\/div>\n\t<\/div>\n<\/div><\/div><div class=\"vc_tta-panel\" id=\"Liposuction\" data-vc-content=\".vc_tta-panel-body\"><div class=\"vc_tta-panel-heading\"><h4 class=\"vc_tta-panel-title vc_tta-controls-icon-position-left\"><a href=\"#Liposuction\" data-vc-accordion data-vc-container=\".vc_tta-container\"><span class=\"vc_tta-title-text\">5. Liposucci\u00f3n<\/span><i class=\"vc_tta-controls-icon vc_tta-controls-icon-plus\"><\/i><\/a><\/h4><\/div><div class=\"vc_tta-panel-body\">\n\t<div class=\"wpb_text_column wpb_content_element\" >\n\t\t<div class=\"wpb_wrapper\">\n\t\t\t<p>Aprenda todo lo que necesita para realizar liposucciones en su consulta. Formaci\u00f3n pr\u00e1ctica disponible con nuestros cirujanos. Le ense\u00f1amos los procedimientos y tambi\u00e9n ofrecemos asistencia en la creaci\u00f3n de su centro de cirug\u00eda si es necesario.<\/p>\n<ul>\n<li>2 d\u00edas de formaci\u00f3n en liposucci\u00f3n incluyendo 3-4 casos pr\u00e1cticos, opci\u00f3n de a\u00f1adir injerto de datos. Siempre uno a uno. Certificado disponible al finalizar.<\/li>\n<li>Asesoramiento para la puesta en marcha de consultorios de nivel 1,2,3.<\/li>\n<\/ul>\n\n\t\t<\/div>\n\t<\/div>\n<\/div><\/div><\/div><\/div><\/div><\/div><\/div><\/div><\/div><div class=\"wpb_column vc_column_container vc_col-sm-1\"><div class=\"vc_column-inner\"><div class=\"wpb_wrapper\"><\/div><\/div><\/div><\/div><\/div><div class=\"vc_row wpb_row fifty-fifty image-right accent1\"><div class=\"container\"><div class=\"wpb_column vc_column_container vc_col-sm-6\"><div class=\"vc_column-inner\"><div class=\"wpb_wrapper\">\n\t<div class=\"wpb_text_column wpb_content_element  mb0\" >\n\t\t<div class=\"wpb_wrapper\">\n\t\t\t<h3 style=\"text-align: right;\">Su inversi\u00f3n<\/h3>\n<p style=\"text-align: right;\">Al ampliar su formaci\u00f3n m\u00e9dica en este campo especializado, puede esperar nuevas oportunidades profesionales y seguridad laboral. Tratamientos como la depilaci\u00f3n l\u00e1ser, la depilaci\u00f3n con hilo, y los inyectables est\u00e1n ganando popularidad y usted puede poner sus habilidades para su uso en una variedad de entornos. Para una formaci\u00f3n pr\u00e1ctica y especializada con el Dr. Arviv, las clases comienzan en $3500.<\/p>\n\n\t\t<\/div>\n\t<\/div>\n<\/div><\/div><\/div><div class=\"wpb_column vc_column_container vc_col-sm-6 vc_col-has-fill\"><div class=\"vc_column-inner vc_custom_1734379119208\"><div class=\"wpb_wrapper\"><\/div><\/div><\/div><\/div><\/div><div class=\"vc_row wpb_row fifty-fifty image-left light1 flip-mobile\"><div class=\"container\"><div class=\"wpb_column vc_column_container vc_col-sm-6 vc_col-has-fill\"><div class=\"vc_column-inner vc_custom_1745443208750\"><div class=\"wpb_wrapper\"><\/div><\/div><\/div><div class=\"wpb_column vc_column_container vc_col-sm-6\"><div class=\"vc_column-inner\"><div class=\"wpb_wrapper\">\n\t<div class=\"wpb_text_column wpb_content_element  mb0\" >\n\t\t<div class=\"wpb_wrapper\">\n\t\t\t<h3>Inscribirse en la formaci\u00f3n<\/h3>\n<p>Si tiene formaci\u00f3n m\u00e9dica, p\u00f3ngase en contacto con nosotros para iniciar su formaci\u00f3n con el Dr. Arviv hoy mismo. Puede elegir trabajar individualmente o en grupos reducidos en funci\u00f3n de sus necesidades.<\/p>\n<p style=\"text-align: left;\"><a class=\"btn-bt alternate\" href=\"\/es\/pongase-en-contacto-con\/\">CONTACTO<\/a><\/p>\n\n\t\t<\/div>\n\t<\/div>\n<\/div><\/div><\/div><\/div><\/div><div class=\"vc_row wpb_row accent1 blurb-row vc_custom_1745443473542\"><div class=\"container\"><div class=\"wpb_column vc_column_container vc_col-sm-1\"><div class=\"vc_column-inner\"><div class=\"wpb_wrapper\"><\/div><\/div><\/div><div class=\"wpb_column vc_column_container vc_col-sm-10\"><div class=\"vc_column-inner vc_custom_1726603267193\"><div class=\"wpb_wrapper\">\n\t<div class=\"wpb_text_column wpb_content_element  vc_custom_1745443430736\" >\n\t\t<div class=\"wpb_wrapper\">\n\t\t\t<h3 style=\"text-align: center;\">Asociaci\u00f3n para la formaci\u00f3n especializada MED<\/h3>\n<hr class=\"line\" \/>\n<p style=\"text-align: center;\">La Dra. Tali Arviv tambi\u00e9n se enorgullece de formar parte del equipo de educadores expertos de Specialty MED Training. Specialty MED Training es una red de m\u00e9dicos reconocida a nivel nacional que ofrece cursos en l\u00ednea y pr\u00e1cticos en un modelo de membres\u00eda excepcional para todo tipo de proveedores, incluyendo MD's, DO's, NP's, PA's, RN's, ND's y DC's.<\/p>\n<p style=\"text-align: center;\">Specialty MED Training y la Dra. Tali Arviv prepararon una secuencia \u00fanica de formaci\u00f3n pr\u00e1ctica para est\u00e9tica facial, regeneraci\u00f3n capilar y bienestar sexual masculino y femenino que incluir\u00e1 un regalo especial: una afiliaci\u00f3n de por vida a Specialty MED Training con acceso a cursos online sobre las t\u00e9cnicas formadas junto con todos los beneficios de ser miembro de SMT, incluido el acceso a formularios de pr\u00e1ctica patentados por Specialty MED Training, material de marketing personalizado, certificaci\u00f3n reconocida, estudios de investigaci\u00f3n, adem\u00e1s de descuentos en equipos y dispositivos.<\/p>\n<p style=\"text-align: center;\">Los cursos tendr\u00e1n lugar en nuestra sede de Tampa y est\u00e1n limitados a 5 asistentes. Para obtener una lista de todas las fechas de 2025, visite <a href=\"http:\/\/www.specialtymedtraining.com\" target=\"_blank\" rel=\"noopener\">www.specialtymedtraining.com<\/a> o llame al <a href=\"tel:(813) 855-0111\">(813) 855-0111<\/a>\u00a1! \u00a1Reserve su plaza AHORA!<\/p>\n\n\t\t<\/div>\n\t<\/div>\n<div class=\"vc_row wpb_row vc_inner vc_row-fluid\"><div class=\"wpb_column vc_column_container vc_col-sm-6\"><div class=\"vc_column-inner\"><div class=\"wpb_wrapper\">\n\t<div class=\"wpb_text_column wpb_content_element\" >\n\t\t<div class=\"wpb_wrapper\">\n\t\t\t<p><iframe loading=\"lazy\" title=\"Reproductor de v\u00eddeo YouTube\" src=\"https:\/\/www.youtube.com\/embed\/QtN3Lje6VXw?si=7f6hZLj2gIkH5dmB\" width=\"600\" height=\"610\" frameborder=\"0\" allowfullscreen=\"allowfullscreen\"><\/iframe><\/p>\n\n\t\t<\/div>\n\t<\/div>\n<\/div><\/div><\/div><div class=\"wpb_column vc_column_container vc_col-sm-6\"><div class=\"vc_column-inner\"><div class=\"wpb_wrapper\">\n\t<div class=\"wpb_text_column wpb_content_element\" >\n\t\t<div class=\"wpb_wrapper\">\n\t\t\t<div style=\"width: 720px;\" class=\"wp-video\"><video class=\"wp-video-shortcode\" id=\"video-3532-1\" width=\"720\" height=\"500\" preload=\"metadata\" controls=\"controls\"><source type=\"video\/mp4\" src=\"https:\/\/medspa-institute.com\/wp-content\/uploads\/2025\/04\/Dr.-Victoria-Rons-Testimonial-720p.mp4?_=1\" \/><a href=\"https:\/\/medspa-institute.com\/wp-content\/uploads\/2025\/04\/Dr.-Victoria-Rons-Testimonial-720p.mp4\">https:\/\/medspa-institute.com\/wp-content\/uploads\/2025\/04\/Dr.-Victoria-Rons-Testimonial-720p.mp4<\/a><\/video><\/div>\n\n\t\t<\/div>\n\t<\/div>\n<\/div><\/div><\/div><\/div><\/div><\/div><\/div><div class=\"wpb_column vc_column_container vc_col-sm-1\"><div class=\"vc_column-inner\"><div class=\"wpb_wrapper\"><\/div><\/div><\/div><\/div><\/div><div class=\"vc_row wpb_row cta-row dark1\"><div class=\"container\"><div class=\"wpb_column vc_column_container vc_col-sm-12\"><div class=\"vc_column-inner\"><div class=\"wpb_wrapper\">\n\t<div class=\"wpb_text_column wpb_content_element  mb0\" >\n\t\t<div class=\"wpb_wrapper\">\n\t\t\t<h2>Descubre un programa para tu pasi\u00f3n.<\/h2>\n<p><a class=\"btn-bt default\" href=\"\/es\/programas\/\">PROGRAMAS<\/a><\/p>\n\n\t\t<\/div>\n\t<\/div>\n<\/div><\/div><\/div><\/div><\/div><div class=\"vc_row wpb_row promo-row fifty-fifty\"><div class=\"container\"><div class=\"wpb_column vc_column_container vc_col-sm-6 vc_col-has-fill\"><div class=\"vc_column-inner vc_custom_1726597712682\"><div class=\"wpb_wrapper\">\n\t<div class=\"wpb_text_column wpb_content_element  mb0\" >\n\t\t<div class=\"wpb_wrapper\">\n\t\t\t<h2 style=\"text-align: center;\">Empieza a aprender<\/h2>\n<p style=\"text-align: center;\"><a class=\"btn-bt default\" href=\"\/es\/programas\/\">ADMISIONES<\/a><\/p>\n\n\t\t<\/div>\n\t<\/div>\n<\/div><\/div><\/div><div class=\"wpb_column vc_column_container vc_col-sm-6 vc_col-has-fill\"><div class=\"vc_column-inner vc_custom_1726597737163\"><div class=\"wpb_wrapper\">\n\t<div class=\"wpb_text_column wpb_content_element  mb0\" >\n\t\t<div class=\"wpb_wrapper\">\n\t\t\t<h2 style=\"text-align: center;\">Buscar recursos<\/h2>\n<p style=\"text-align: center;\"><a class=\"btn-bt default\" href=\"\/es\/recursos\/\">CENTRO DE ESTUDIANTES<\/a><\/p>\n\n\t\t<\/div>\n\t<\/div>\n<\/div><\/div><\/div><\/div><\/div>\n<\/div>","protected":false},"excerpt":{"rendered":"About Esthetics Certification Classes If you\u2019re a physician, physician\u2019s assistant or nurse practitioner and you\u2019re looking to learn new skills to thrive in the medical spa industry, you can sign up for personalized training with Dr. Arviv. Dr. Arviv works with medical providers to learn specialized procedures such as laser hair removal, skin resurfacing, threads,&hellip; <a class=\"more-link\" href=\"https:\/\/medspa-institute.com\/es\/aesthetics-training\/\">Seguir leyendo <span class=\"screen-reader-text\">Clases de certificaci\u00f3n en est\u00e9tica<\/span><\/a>","protected":false},"author":1,"featured_media":0,"parent":0,"menu_order":0,"comment_status":"closed","ping_status":"closed","template":"","meta":{"_acf_changed":false,"footnotes":""},"class_list":["post-3532","page","type-page","status-publish","entry"],"acf":[],"aioseo_notices":[],"_links":{"self":[{"href":"https:\/\/medspa-institute.com\/es\/wp-json\/wp\/v2\/pages\/3532","targetHints":{"allow":["GET"]}}],"collection":[{"href":"https:\/\/medspa-institute.com\/es\/wp-json\/wp\/v2\/pages"}],"about":[{"href":"https:\/\/medspa-institute.com\/es\/wp-json\/wp\/v2\/types\/page"}],"author":[{"embeddable":true,"href":"https:\/\/medspa-institute.com\/es\/wp-json\/wp\/v2\/users\/1"}],"replies":[{"embeddable":true,"href":"https:\/\/medspa-institute.com\/es\/wp-json\/wp\/v2\/comments?post=3532"}],"version-history":[{"count":0,"href":"https:\/\/medspa-institute.com\/es\/wp-json\/wp\/v2\/pages\/3532\/revisions"}],"wp:attachment":[{"href":"https:\/\/medspa-institute.com\/es\/wp-json\/wp\/v2\/media?parent=3532"}],"curies":[{"name":"wp","href":"https:\/\/api.w.org\/{rel}","templated":true}]}}