{"id":2726,"date":"2022-10-21T12:16:22","date_gmt":"2022-10-21T18:16:22","guid":{"rendered":"https:\/\/medspa-institute.com\/?page_id=2726"},"modified":"2024-09-18T15:11:50","modified_gmt":"2024-09-18T22:11:50","slug":"condiciones-del-servicio","status":"publish","type":"page","link":"https:\/\/medspa-institute.com\/es\/terms-of-service\/","title":{"rendered":"Condiciones de uso"},"content":{"rendered":"<div class=\"wpb-content-wrapper\"><div class=\"vc_row wpb_row\"><div class=\"container\"><div class=\"wpb_column vc_column_container vc_col-sm-12\"><div class=\"vc_column-inner\"><div class=\"wpb_wrapper\">\n\t<div class=\"wpb_text_column wpb_content_element  mb0\" >\n\t\t<div class=\"wpb_wrapper\">\n\t\t\t<p><strong>Condiciones de servicio\/Condiciones de uso<\/strong><\/p>\n<p>Fecha de entrada en vigor: 1 de noviembre de 2022<\/p>\n<p>Lea atentamente las presentes condiciones de uso (\"condiciones\", \"t\u00e9rminos del servicio\") antes de utilizar\nhttps:\/\/medspa-institute.com\/ sitio web (el \"servicio\") operado por\nMedSpa Institute (\"nosotros\", \"nuestro\").<\/p>\n<h5>CONDICIONES DE USO<\/h5>\n<p>Le prestaremos sus servicios, que est\u00e1n sujetos a las condiciones que se indican a continuaci\u00f3n en este documento. Cada vez que visite este sitio web, utilice sus servicios o realice una compra, usted acepta las siguientes condiciones. Por ello, le rogamos que las lea atentamente.<\/p>\n<h5>POL\u00cdTICA DE PRIVACIDAD<\/h5>\n<p>Antes de seguir utilizando nuestro sitio web, le aconsejamos que lea nuestro <a href=\"\/es\/politica-de-privacidad\/\">pol\u00edtica de privacidad<\/a> sobre la recogida de datos de nuestros usuarios. Le ayudar\u00e1 a comprender mejor nuestras pr\u00e1cticas.<\/p>\n<h5>COPYRIGHT<\/h5>\n<p>El contenido publicado en este sitio web (descargas digitales, im\u00e1genes, textos, gr\u00e1ficos, logotipos) es propiedad de\nMedSpa Institute y\/o sus creadores de contenido y est\u00e1n protegidos por las leyes internacionales de derechos de autor. La compilaci\u00f3n completa del contenido que se encuentra en este sitio web es propiedad exclusiva de\nMedSpa Institute, con derechos de autor para esta compilaci\u00f3n por\nInstituto MedSpa.<\/p>\n<h5>COMUNICACIONES<\/h5>\n<p>Toda la comunicaci\u00f3n con nosotros es electr\u00f3nica. Cada vez que nos env\u00ede un correo electr\u00f3nico o visite nuestro sitio web, se estar\u00e1 comunicando con nosotros. Por la presente da su consentimiento para recibir nuestras comunicaciones. Si se suscribe a las noticias de nuestro sitio web, va a recibir regularmente correos electr\u00f3nicos nuestros. Seguiremos comunic\u00e1ndonos con usted publicando noticias y avisos en nuestro sitio web y envi\u00e1ndole correos electr\u00f3nicos. Tambi\u00e9n acepta que todos los avisos, divulgaciones, acuerdos y otras comunicaciones que le proporcionemos electr\u00f3nicamente cumplan los requisitos legales de que dichas comunicaciones sean por escrito.<\/p>\n<h5>LEGISLACI\u00d3N APLICABLE<\/h5>\n<p>Al visitar este sitio web, usted acepta que las leyes del estado en el que opera el\nMedSpa Institute opera en, sin tener en cuenta los principios de las leyes de conflicto, regir\u00e1n estos t\u00e9rminos de servicio, o cualquier disputa de cualquier tipo que pueda surgir entre\nMedSpa Institute y usted, o sus socios comerciales y asociados.<\/p>\n<h5>CONTROVERSIAS<\/h5>\n<p>Cualquier disputa relacionada de alg\u00fan modo con su visita a este sitio web o con los productos que nos compre ser\u00e1 arbitrada por un tribunal estatal o federal del estado en el que opere MedSpa Institute.\nMedSpa Institute opera en y usted da su consentimiento a la jurisdicci\u00f3n exclusiva y el lugar de dichos tribunales.<\/p>\n<h5>COMENTARIOS, RESE\u00d1AS Y CORREOS ELECTR\u00d3NICOS<\/h5>\n<p>Los visitantes pueden publicar contenidos siempre que no sean obscenos, ilegales, difamatorios, amenazadores, infrinjan los derechos de propiedad intelectual, invadan la intimidad o perjudiquen de cualquier otro modo a terceros. El contenido debe estar libre de virus inform\u00e1ticos, campa\u00f1as pol\u00edticas y solicitudes comerciales.<\/p>\n<p>Nos reservamos todos los derechos (pero no la obligaci\u00f3n) de eliminar y\/o editar dichos contenidos. Al publicar su contenido, usted concede a\nMedSpa Institute el derecho no exclusivo, libre de regal\u00edas e irrevocable de utilizar, reproducir, publicar, modificar dicho contenido en todo el mundo en cualquier medio.<\/p>\n<h5>LICENCIA Y ACCESO AL SITIO<\/h5>\n<p>Le concedemos una licencia limitada para acceder y hacer uso personal de este sitio web. No est\u00e1 permitido descargarlo ni modificarlo. S\u00f3lo podr\u00e1 hacerlo con nuestro consentimiento por escrito.<\/p>\n<h5>CUENTA DE USUARIO<\/h5>\n<p>Si usted es titular de una cuenta en este sitio web, es el \u00fanico responsable de mantener la confidencialidad de sus datos privados de usuario (nombre de usuario y contrase\u00f1a). Usted es responsable de todas las actividades que se realicen con su cuenta o contrase\u00f1a.<\/p>\n<p>Nos reservamos el derecho a cancelar cuentas, editar o eliminar contenidos y cancelar pedidos a nuestra entera discreci\u00f3n.<\/p>\n\n\t\t<\/div>\n\t<\/div>\n<\/div><\/div><\/div><\/div><\/div>\n<\/div>","protected":false},"excerpt":{"rendered":"Terms of Service\/Terms of Use Effective date: Nov, 1st, 2022 Please read these terms of service (\u201cterms\u201d, \u201cterms of service\u201d) carefully before using https:\/\/medspa-institute.com\/ website (the \u201cservice\u201d) operated by MedSpa Institute (\u201cus\u201d, \u2018we\u201d, \u201cour\u201d). CONDITIONS OF USE We will provide their services to you, which are subject to the conditions stated below in this document.&hellip; <a class=\"more-link\" href=\"https:\/\/medspa-institute.com\/es\/terms-of-service\/\">Seguir leyendo <span class=\"screen-reader-text\">Condiciones de uso<\/span><\/a>","protected":false},"author":1,"featured_media":0,"parent":0,"menu_order":0,"comment_status":"closed","ping_status":"closed","template":"","meta":{"_acf_changed":false,"footnotes":""},"class_list":["post-2726","page","type-page","status-publish","entry"],"acf":[],"aioseo_notices":[],"_links":{"self":[{"href":"https:\/\/medspa-institute.com\/es\/wp-json\/wp\/v2\/pages\/2726","targetHints":{"allow":["GET"]}}],"collection":[{"href":"https:\/\/medspa-institute.com\/es\/wp-json\/wp\/v2\/pages"}],"about":[{"href":"https:\/\/medspa-institute.com\/es\/wp-json\/wp\/v2\/types\/page"}],"author":[{"embeddable":true,"href":"https:\/\/medspa-institute.com\/es\/wp-json\/wp\/v2\/users\/1"}],"replies":[{"embeddable":true,"href":"https:\/\/medspa-institute.com\/es\/wp-json\/wp\/v2\/comments?post=2726"}],"version-history":[{"count":0,"href":"https:\/\/medspa-institute.com\/es\/wp-json\/wp\/v2\/pages\/2726\/revisions"}],"wp:attachment":[{"href":"https:\/\/medspa-institute.com\/es\/wp-json\/wp\/v2\/media?parent=2726"}],"curies":[{"name":"wp","href":"https:\/\/api.w.org\/{rel}","templated":true}]}}