{"id":1627,"date":"2019-06-06T16:27:41","date_gmt":"2019-06-06T23:27:41","guid":{"rendered":"https:\/\/sales.vdigitalservices.com\/dev-shell-vc\/?page_id=1627"},"modified":"2024-09-18T15:13:03","modified_gmt":"2024-09-18T22:13:03","slug":"accesibilidad","status":"publish","type":"page","link":"https:\/\/medspa-institute.com\/es\/accessibility\/","title":{"rendered":"Accesibilidad"},"content":{"rendered":"<div class=\"wpb-content-wrapper\"><div class=\"vc_row wpb_row\"><div class=\"container\"><div class=\"wpb_column vc_column_container vc_col-sm-12\"><div class=\"vc_column-inner\"><div class=\"wpb_wrapper\">\n\t<div class=\"wpb_text_column wpb_content_element  mb0\" >\n\t\t<div class=\"wpb_wrapper\">\n\t\t\t<p>La accesibilidad del sitio web es un esfuerzo continuo y estamos tomando medidas para mejorar a\u00fan m\u00e1s la accesibilidad del\nInstituto MedSpa. Si tiene dificultades para utilizar o acceder a cualquier elemento de este sitio web, p\u00f3ngase en contacto con nosotros a trav\u00e9s de nuestro formulario de contacto en nuestro sitio web, llamada o correo electr\u00f3nico y trabajaremos con usted para proporcionar la informaci\u00f3n, art\u00edculo o transacci\u00f3n que busca a trav\u00e9s de un m\u00e9todo de comunicaci\u00f3n que sea accesible para usted, de acuerdo con la ley aplicable.<\/p>\n<h3>NUESTRO COMPROMISO CON LA DIVERSIDAD Y LA INCLUSI\u00d3N<\/h3>\n<p>En\nMedSpa Institute, la accesibilidad, la diversidad y la inclusi\u00f3n son valores importantes que afectan a todo lo que hacemos. Tanto si utiliza un lector de pantalla, un software de reconocimiento de voz u otro tipo de tecnolog\u00eda de asistencia, queremos ser accesibles para usted y f\u00e1ciles de navegar.<\/p>\n<h4>ALCANZAR LOS OBJETIVOS DE ACCESIBILIDAD<\/h4>\n<p>Nuestras normas de accesibilidad web son estrictas y trabajamos para cumplirlas. Nuestro equipo se esfuerza por garantizar que nuestro sitio web cumpla todas las leyes y directrices y cree una experiencia de uso para todos los clientes.<\/p>\n<h4>C\u00d3MO HA CAMBIADO Y EST\u00c1 CAMBIANDO NUESTRO SITIO WEB:<\/h4>\n<p>Estas son algunas de las cosas que hemos hecho y seguimos haciendo para que nuestro sitio sea f\u00e1cil de usar para todos:<\/p>\n<h5>MEJORAR LA ESTRUCTURA DEL SITIO<\/h5>\n<p>Estamos trabajando para editar las p\u00e1ginas de modo que incluyan t\u00edtulos, listas, p\u00e1rrafos y otros formatos adecuados para mejorar su uso con tecnolog\u00eda de asistencia.<\/p>\n<h5>A\u00d1ADIR EQUIVALENTES DE TEXTO<\/h5>\n<p>Estamos a\u00f1adiendo texto alternativo, subt\u00edtulos y transcripciones a im\u00e1genes y v\u00eddeos para que los usuarios que no pueden ver u o\u00edr tengan un equivalente textual con el que interactuar.<\/p>\n<h5>EDIFICIO PARA ACCESO TOTAL AL TECLADO<\/h5>\n<p>Estamos desarrollando nuevas p\u00e1ginas teniendo en cuenta la accesibilidad mediante teclado, de modo que los usuarios puedan desplazarse f\u00e1cilmente por una p\u00e1gina para encontrar el contenido que necesitan.<\/p>\n<h5>CREAR COHERENCIA EN EL SITIO WEB<\/h5>\n<p>Estamos creando plantillas para nuestro sitio con el fin de garantizar la coherencia. Una vez que se haya familiarizado con el funcionamiento de nuestras p\u00e1ginas y men\u00fas, podr\u00e1 esperar una funcionalidad similar en todo el sitio, cada vez que lo visite.<\/p>\n<p>La visita a nuestro sitio web supone la aceptaci\u00f3n expl\u00edcita de esta declaraci\u00f3n de accesibilidad, la pol\u00edtica de cookies, las condiciones del servicio y la pol\u00edtica de privacidad descritas en nuestro sitio web.<\/p>\n<p>Al utilizar este sitio web usted acepta que\nMedSpa Institute no ser\u00e1 responsable de ninguna y todas las reclamaciones de accesibilidad presentadas en relaci\u00f3n con las dificultades de accesibilidad. Al utilizar este sitio web, usted reconoce que nos tomamos muy en serio las cuestiones de accesibilidad y que trabajamos para proporcionarle toda la informaci\u00f3n, art\u00edculos, transacciones, o de otro tipo, que busque a trav\u00e9s de un m\u00e9todo de comunicaci\u00f3n que sea accesible para usted, de conformidad con la legislaci\u00f3n aplicable. Si tiene dificultades para utilizar o acceder a cualquier elemento de este sitio web, p\u00f3ngase en contacto con nosotros a trav\u00e9s del formulario de contacto de nuestro sitio web, ll\u00e1menos al tel\u00e9fono <a href=\"tel:813-997-8839\">\n813-997-8839<\/a> o env\u00edenos un correo electr\u00f3nico a <a href=\"mailto:info@email.com\">\ninfo@email.com<\/a>y trabajaremos con usted para proporcionarle la informaci\u00f3n, el art\u00edculo o la transacci\u00f3n que busca a trav\u00e9s de un m\u00e9todo de comunicaci\u00f3n que sea accesible para usted, de acuerdo con la legislaci\u00f3n aplicable.<\/p>\n<p>Si no puede acceder a alguna informaci\u00f3n o elemento de nuestro sitio web, ll\u00e1menos al <a href=\"tel:813-997-8839\">\n813-997-8839<\/a> o env\u00edenos un correo electr\u00f3nico a <a href=\"mailto:info@email.com\">\ninfo@email.com<\/a> de asistencia.<\/p>\n\n\t\t<\/div>\n\t<\/div>\n<\/div><\/div><\/div><\/div><\/div>\n<\/div>","protected":false},"excerpt":{"rendered":"Website accessibility is an ongoing effort and we are actively taking steps to further enhance and improve the accessibility of MedSpa Institute. If you have difficulty using or accessing any element of this website, please contact us through our contact form on our website, call, or email and we will work with you to provide&hellip; <a class=\"more-link\" href=\"https:\/\/medspa-institute.com\/es\/accessibility\/\">Seguir leyendo <span class=\"screen-reader-text\">Accesibilidad<\/span><\/a>","protected":false},"author":1,"featured_media":0,"parent":0,"menu_order":0,"comment_status":"closed","ping_status":"closed","template":"","meta":{"_acf_changed":false,"footnotes":""},"class_list":["post-1627","page","type-page","status-publish","entry"],"acf":[],"aioseo_notices":[],"_links":{"self":[{"href":"https:\/\/medspa-institute.com\/es\/wp-json\/wp\/v2\/pages\/1627","targetHints":{"allow":["GET"]}}],"collection":[{"href":"https:\/\/medspa-institute.com\/es\/wp-json\/wp\/v2\/pages"}],"about":[{"href":"https:\/\/medspa-institute.com\/es\/wp-json\/wp\/v2\/types\/page"}],"author":[{"embeddable":true,"href":"https:\/\/medspa-institute.com\/es\/wp-json\/wp\/v2\/users\/1"}],"replies":[{"embeddable":true,"href":"https:\/\/medspa-institute.com\/es\/wp-json\/wp\/v2\/comments?post=1627"}],"version-history":[{"count":0,"href":"https:\/\/medspa-institute.com\/es\/wp-json\/wp\/v2\/pages\/1627\/revisions"}],"wp:attachment":[{"href":"https:\/\/medspa-institute.com\/es\/wp-json\/wp\/v2\/media?parent=1627"}],"curies":[{"name":"wp","href":"https:\/\/api.w.org\/{rel}","templated":true}]}}