{"id":1615,"date":"2019-05-13T12:45:53","date_gmt":"2019-05-13T19:45:53","guid":{"rendered":"https:\/\/sales.vdigitalservices.com\/dev-shell-vc\/?page_id=1615"},"modified":"2024-09-20T09:08:22","modified_gmt":"2024-09-20T16:08:22","slug":"gracias","status":"publish","type":"page","link":"https:\/\/medspa-institute.com\/es\/thank-you\/","title":{"rendered":"Gracias"},"content":{"rendered":"<div class=\"wpb-content-wrapper\"><div class=\"vc_row wpb_row blurb-row light1\"><div class=\"container\"><div class=\"wpb_column vc_column_container vc_col-sm-12\"><div class=\"vc_column-inner\"><div class=\"wpb_wrapper\">\n\t<div class=\"wpb_text_column wpb_content_element  vc_custom_1666377907836 mb0\" >\n\t\t<div class=\"wpb_wrapper\">\n\t\t\t<h2 style=\"text-align: center;\">Gracias por contactar con\n\u00a1Instituto MedSpa!<\/h2>\n<hr class=\"line\" \/>\n<h5 style=\"text-align: center;\">NOS PONDREMOS EN CONTACTO CON USTED EN BREVE.<\/h5>\n<p style=\"text-align: center;\">Para asuntos urgentes, env\u00edenos un correo electr\u00f3nico o ll\u00e1menos directamente:<\/p>\n<p style=\"text-align: center;\"><strong><a href=\"mailto:info@email.com\">\ninfo@email.com<\/a> | <a href=\"tel:813-997-8839\">\n813-997-8839<\/a><\/strong><\/p>\n<p style=\"text-align: center;\"><a class=\"btn-bt alternate\" href=\"https:\/\/medspa-institute.com\/es\/\">P\u00c1GINA INICIAL<\/a><\/p>\n\n\t\t<\/div>\n\t<\/div>\n<\/div><\/div><\/div><\/div><\/div><div class=\"vc_row wpb_row cta-row dark1\"><div class=\"container\"><div class=\"wpb_column vc_column_container vc_col-sm-12\"><div class=\"vc_column-inner\"><div class=\"wpb_wrapper\">\n\t<div class=\"wpb_text_column wpb_content_element  mb0\" >\n\t\t<div class=\"wpb_wrapper\">\n\t\t\t<h2>Descubre un programa para tu pasi\u00f3n.<\/h2>\n<p><a class=\"btn-bt default\" href=\"\/es\/programas\/\">PROGRAMAS<\/a><\/p>\n\n\t\t<\/div>\n\t<\/div>\n<\/div><\/div><\/div><\/div><\/div><div class=\"vc_row wpb_row promo-row fifty-fifty\"><div class=\"container\"><div class=\"wpb_column vc_column_container vc_col-sm-6 vc_col-has-fill\"><div class=\"vc_column-inner vc_custom_1726597712682\"><div class=\"wpb_wrapper\">\n\t<div class=\"wpb_text_column wpb_content_element  mb0\" >\n\t\t<div class=\"wpb_wrapper\">\n\t\t\t<h2 style=\"text-align: center;\">Empieza a aprender<\/h2>\n<p style=\"text-align: center;\"><a class=\"btn-bt default\" href=\"\/es\/programas\/\">ADMISIONES<\/a><\/p>\n\n\t\t<\/div>\n\t<\/div>\n<\/div><\/div><\/div><div class=\"wpb_column vc_column_container vc_col-sm-6 vc_col-has-fill\"><div class=\"vc_column-inner vc_custom_1726597737163\"><div class=\"wpb_wrapper\">\n\t<div class=\"wpb_text_column wpb_content_element  mb0\" >\n\t\t<div class=\"wpb_wrapper\">\n\t\t\t<h2 style=\"text-align: center;\">Buscar recursos<\/h2>\n<p style=\"text-align: center;\"><a class=\"btn-bt default\" href=\"\/es\/recursos\/\">CENTRO DE ESTUDIANTES<\/a><\/p>\n\n\t\t<\/div>\n\t<\/div>\n<\/div><\/div><\/div><\/div><\/div>\n<\/div>","protected":false},"excerpt":{"rendered":"\u00a1Gracias por contactar con MedSpa Institute! NOS PONDREMOS EN CONTACTO CON USTED EN BREVE. Para asuntos urgentes por favor env\u00edenos un correo electr\u00f3nico o ll\u00e1menos directamente: info@email.com | 813-997-8839 P\u00c1GINA DE INICIO Descubra un Programa para su Pasi\u00f3n. PROGRAMAS Empieza a Aprender ADMISIONES Encuentra Recursos CENTRO DE ESTUDIANTES","protected":false},"author":1,"featured_media":0,"parent":0,"menu_order":0,"comment_status":"closed","ping_status":"closed","template":"","meta":{"_acf_changed":false,"footnotes":""},"class_list":["post-1615","page","type-page","status-publish","entry"],"acf":[],"aioseo_notices":[],"_links":{"self":[{"href":"https:\/\/medspa-institute.com\/es\/wp-json\/wp\/v2\/pages\/1615","targetHints":{"allow":["GET"]}}],"collection":[{"href":"https:\/\/medspa-institute.com\/es\/wp-json\/wp\/v2\/pages"}],"about":[{"href":"https:\/\/medspa-institute.com\/es\/wp-json\/wp\/v2\/types\/page"}],"author":[{"embeddable":true,"href":"https:\/\/medspa-institute.com\/es\/wp-json\/wp\/v2\/users\/1"}],"replies":[{"embeddable":true,"href":"https:\/\/medspa-institute.com\/es\/wp-json\/wp\/v2\/comments?post=1615"}],"version-history":[{"count":0,"href":"https:\/\/medspa-institute.com\/es\/wp-json\/wp\/v2\/pages\/1615\/revisions"}],"wp:attachment":[{"href":"https:\/\/medspa-institute.com\/es\/wp-json\/wp\/v2\/media?parent=1615"}],"curies":[{"name":"wp","href":"https:\/\/api.w.org\/{rel}","templated":true}]}}